{"id":39,"date":"2022-08-23T08:20:19","date_gmt":"2022-08-23T08:20:19","guid":{"rendered":"\/?page_id=39"},"modified":"2026-01-13T09:33:31","modified_gmt":"2026-01-13T09:33:31","slug":"contacts","status":"publish","type":"page","link":"https:\/\/fica-oc.pt\/en\/contactos\/","title":{"rendered":"Contact"},"content":{"rendered":"\n<div class=\"wp-block-group alignfull is-content-justification-center is-layout-constrained wp-block-group-is-layout-constrained\">\n<div style=\"height:100px\" aria-hidden=\"true\" class=\"wp-block-spacer\"><\/div>\n\n\n\n<div class=\"wp-block-columns alignfull is-layout-flex wp-container-core-columns-is-layout-1a9244c7 wp-block-columns-is-layout-flex\">\n<div class=\"wp-block-column is-vertically-aligned-top is-content-justification-center is-layout-constrained wp-block-column-is-layout-constrained\" style=\"flex-basis:5%\">\n<h2 class=\"wp-block-heading alignfull has-body-font-font-family has-small-font-size\" style=\"padding-top:5px;padding-left:50px;font-style:normal;font-weight:500\">oficina<br>e loja<\/h2>\n<\/div>\n\n\n\n<div class=\"wp-block-column is-layout-flow wp-block-column-is-layout-flow\" style=\"padding-left:10px;flex-basis:100%\">\n<h2 class=\"wp-block-heading\" style=\"font-size:80px;font-style:normal;font-weight:700;line-height:1.1;text-transform:uppercase\"><a href=\"https:\/\/maps.app.goo.gl\/SaURAYi8KNXSGrGm8\" target=\"_blank\" rel=\"noopener\">rua BERNARDO LIMA 10c<br>1150-076 lisboa<br>portugal<\/a><\/h2>\n<\/div>\n<\/div>\n\n\n\n<div style=\"height:50px\" aria-hidden=\"true\" class=\"wp-block-spacer\"><\/div>\n\n\n\n<div class=\"wp-block-columns alignfull is-layout-flex wp-container-core-columns-is-layout-1a9244c7 wp-block-columns-is-layout-flex\">\n<div class=\"wp-block-column is-vertically-aligned-top is-content-justification-center is-layout-constrained wp-block-column-is-layout-constrained\" style=\"flex-basis:5%\">\n<h2 class=\"wp-block-heading alignfull has-body-font-font-family has-small-font-size\" style=\"padding-top:5px;padding-left:50px;font-style:normal;font-weight:500\">hor\u00e1rio<\/h2>\n<\/div>\n\n\n\n<div class=\"wp-block-column is-layout-flow wp-block-column-is-layout-flow\" style=\"padding-left:10px;flex-basis:100%\">\n<h2 class=\"wp-block-heading has-extra-large-font-size\" style=\"font-style:normal;font-weight:700;line-height:1.2;text-transform:uppercase\">Ter\u00e7a a Quinta \u2022 14h\u201418h<br>S\u00c1BADO \u2022 10h\u201413h\/14h\u201418h<\/h2>\n\n\n\n<p class=\"has-text-align-left has-primary-color has-text-color has-small-font-size wp-block-paragraph\" style=\"font-style:normal;font-weight:500\">exceto feriados e dias a indicar<\/p>\n<\/div>\n<\/div>\n\n\n\n<div class=\"wp-block-columns alignfull is-layout-flex wp-container-core-columns-is-layout-1a9244c7 wp-block-columns-is-layout-flex\">\n<div class=\"wp-block-column is-layout-flow wp-block-column-is-layout-flow\">\n<div style=\"height:10px\" aria-hidden=\"true\" class=\"wp-block-spacer\"><\/div>\n<\/div>\n<\/div>\n\n\n\n<div class=\"wp-block-columns alignfull is-layout-flex wp-container-core-columns-is-layout-1a9244c7 wp-block-columns-is-layout-flex\">\n<div class=\"wp-block-column is-layout-flow wp-block-column-is-layout-flow\">\n<div style=\"height:10px\" aria-hidden=\"true\" class=\"wp-block-spacer\"><\/div>\n<\/div>\n<\/div>\n\n\n\n<div class=\"wp-block-columns alignfull is-layout-flex wp-container-core-columns-is-layout-d70ba1f9 wp-block-columns-is-layout-flex\" style=\"padding-top:var(--wp--preset--spacing--30);padding-bottom:var(--wp--preset--spacing--30)\">\n<div class=\"wp-block-column is-layout-constrained wp-block-column-is-layout-constrained\" style=\"padding-top:var(--wp--preset--spacing--30);flex-basis:10%\">\n<h2 class=\"wp-block-heading alignwide has-text-align-left\" style=\"padding-top:5px;padding-left:0px;font-size:17px;font-style:normal;font-weight:500\">contactos<\/h2>\n<\/div>\n\n\n\n<div class=\"wp-block-column is-layout-flow wp-block-column-is-layout-flow\" style=\"padding-top:var(--wp--preset--spacing--30);flex-basis:40%\">\n<h2 class=\"wp-block-heading has-text-align-left\" style=\"font-size:50px;font-style:normal;font-weight:700;line-height:1;text-transform:uppercase\"><a href=\"tel:+351913190670\">+351 913 190 670<\/a><\/h2>\n\n\n\n<p class=\"has-text-align-left has-tiny-font-size wp-block-paragraph\" style=\"padding-left:14px\">Chamada para rede m\u00f3vel nacional<\/p>\n<\/div>\n\n\n\n<div class=\"wp-block-column is-content-justification-center is-layout-constrained wp-container-core-column-is-layout-484152b6 wp-block-column-is-layout-constrained\" style=\"padding-top:var(--wp--preset--spacing--30);padding-left:0px;flex-basis:10%\">\n<h2 class=\"wp-block-heading alignwide has-text-align-right\" style=\"padding-top:5px;padding-right:5px;padding-bottom:0px;padding-left:0px;font-size:17px;font-style:normal;font-weight:500\">e-mail<\/h2>\n<\/div>\n\n\n\n<div class=\"wp-block-column is-layout-flow wp-container-core-column-is-layout-72ea9225 wp-block-column-is-layout-flow\" style=\"padding-top:var(--wp--preset--spacing--30);padding-left:0px;flex-basis:40%\">\n<h2 class=\"wp-block-heading alignwide has-text-align-left has-body-font-font-family has-extra-large-font-size\" style=\"padding-left:10px;font-style:normal;font-weight:700;line-height:1;text-transform:lowercase\"><a href=\"mailto:HELLO@FICA-OC.PT\">HELLO@FICA-OC.PT<\/a><\/h2>\n<\/div>\n<\/div>\n\n\n\n<div class=\"wp-block-columns alignfull is-layout-flex wp-container-core-columns-is-layout-1a9244c7 wp-block-columns-is-layout-flex\">\n<div class=\"wp-block-column is-layout-flow wp-block-column-is-layout-flow\">\n<div style=\"height:20px\" aria-hidden=\"true\" class=\"wp-block-spacer\"><\/div>\n<\/div>\n<\/div>\n\n\n\n<div class=\"wp-block-columns alignfull is-layout-flex wp-container-core-columns-is-layout-d70ba1f9 wp-block-columns-is-layout-flex\" style=\"padding-top:var(--wp--preset--spacing--30);padding-bottom:var(--wp--preset--spacing--30)\">\n<div class=\"wp-block-column is-layout-constrained wp-block-column-is-layout-constrained\" style=\"padding-top:var(--wp--preset--spacing--30);flex-basis:10%\">\n<h2 class=\"wp-block-heading alignwide has-text-align-left\" style=\"margin-right:0px;padding-top:5px;padding-left:0px;font-size:17px;font-style:normal;font-weight:500\">agendamento<br>de fornadas<\/h2>\n<\/div>\n\n\n\n<div class=\"wp-block-column is-layout-flow wp-block-column-is-layout-flow\" style=\"padding-top:var(--wp--preset--spacing--30);padding-left:10px;flex-basis:40%\">\n<h2 class=\"wp-block-heading has-text-align-left has-body-font-font-family\" style=\"font-size:40px;font-style:normal;font-weight:700;line-height:1;text-transform:lowercase\"><a href=\"mailto:fornadas@fica-oc.pt\">fornadas@fica-oc.pt<\/a><\/h2>\n\n\n\n<p class=\"has-text-align-left has-link-color wp-elements-7611192a7f23a48cffb5007cbc2aec1b wp-block-paragraph\" style=\"padding-right:0px;font-size:14px;line-height:1.5\">N\u00e3o aceitamos mais pedidos de cozedura at\u00e9 ao final do ano<\/p>\n\n\n\n<div class=\"wp-block-buttons is-layout-flex wp-block-buttons-is-layout-flex\">\n<div class=\"wp-block-button\"><a class=\"wp-block-button__link wp-element-button\" href=\"http:\/\/fica-oc.pt\/fornadas-de-ceramica\" style=\"border-radius:50px\"><strong>fornadas<\/strong><\/a><\/div>\n<\/div>\n<\/div>\n\n\n\n<div class=\"wp-block-column is-layout-constrained wp-block-column-is-layout-constrained\" style=\"padding-top:var(--wp--preset--spacing--30);flex-basis:10%\">\n<h2 class=\"wp-block-heading alignwide has-text-align-right\" style=\"padding-top:5px;padding-right:5px;font-size:17px;font-style:normal;font-weight:500\">gin\u00e1sio<br>de  of\u00edcios<\/h2>\n<\/div>\n\n\n\n<div class=\"wp-block-column is-layout-flow wp-block-column-is-layout-flow\" style=\"padding-top:var(--wp--preset--spacing--30);padding-left:10px;flex-basis:40%\">\n<h2 class=\"wp-block-heading has-text-align-left has-body-font-font-family\" style=\"font-size:40px;font-style:normal;font-weight:700;line-height:1;text-transform:lowercase\"><a href=\"mailto:ginasio@FICA-OC.PT\">ginasio@FICA-OC.PT<\/a><\/h2>\n\n\n\n<p class=\"has-text-align-left has-link-color wp-elements-b2e08ab205dcf54ca44a84ddc540b096 wp-block-paragraph\" style=\"font-size:14px;line-height:1.5\">O gin\u00e1sio de of\u00edcios \u00e9 o modo de aula aberta, em cer\u00e2mica e serigrafia.<br>Sabe mais sobre esta modalidade.<\/p>\n\n\n\n<div class=\"wp-block-buttons is-layout-flex wp-block-buttons-is-layout-flex\">\n<div class=\"wp-block-button\"><a class=\"wp-block-button__link wp-element-button\" href=\"http:\/\/fica-oc.pt\/ginasio-de-oficios\" style=\"border-radius:50px\"><strong>Gin\u00e1sio de Of\u00edcios<\/strong><\/a><\/div>\n<\/div>\n<\/div>\n<\/div>\n\n\n\n<div style=\"height:20px\" aria-hidden=\"true\" class=\"wp-block-spacer\"><\/div>\n\n\n\n<div class=\"wp-block-columns alignfull is-layout-flex wp-container-core-columns-is-layout-1a9244c7 wp-block-columns-is-layout-flex\">\n<div class=\"wp-block-column is-layout-flow wp-block-column-is-layout-flow\">\n<hr class=\"wp-block-separator has-text-color has-alpha-channel-opacity has-background is-style-wide\" style=\"margin-top:0px;margin-bottom:0px;background-color:#e9e9e9;color:#e9e9e9\"\/>\n<\/div>\n<\/div>\n\n\n\n<div class=\"wp-block-columns alignfull are-vertically-aligned-top is-layout-flex wp-container-core-columns-is-layout-8acf8b19 wp-block-columns-is-layout-flex\" style=\"margin-top:0;margin-bottom:0\">\n<div class=\"wp-block-column is-vertically-aligned-top is-layout-flow wp-block-column-is-layout-flow\" style=\"padding-right:10px\">\n<div style=\"height:10px\" aria-hidden=\"true\" class=\"wp-block-spacer\"><\/div>\n\n\n\n<h3 class=\"wp-block-heading has-primary-color has-text-color has-link-color wp-elements-76a43689044578e4274ed60962f7843c\" id=\"contacta-nos\" style=\"font-style:normal;font-weight:700\">Contacta-nos<\/h3>\n\n\n\n<p class=\"has-primary-color has-text-color has-link-color wp-elements-d8b19d0819b70ffdb55b9cdbc41a4945 wp-block-paragraph\" style=\"font-style:normal;font-weight:500\">Submete o formul\u00e1rio de contactos se pretendes obter informa\u00e7\u00e3o <br>Iremos contactar-te o mais breve poss\u00edvel.<\/p>\n<\/div>\n\n\n\n<div class=\"wp-block-column is-vertically-aligned-top is-layout-flow wp-block-column-is-layout-flow\" style=\"flex-basis:70%\"><style id=\"wpforms-css-vars-26928-block-ae0a4c8f-da3c-470f-876e-ed7f5db6804d\">\n\t\t\t\t#wpforms-26928.wpforms-block-ae0a4c8f-da3c-470f-876e-ed7f5db6804d {\n\t\t\t\t--wpforms-label-color: #000000;\n--wpforms-label-sublabel-color: #afafaf;\n--wpforms-label-error-color: #ea1f1f;\n--wpforms-field-text-color: #000000;\n--wpforms-button-border-radius: 25px;\n--wpforms-button-background-color: #000000;\n--wpforms-field-size-input-height: 31px;\n--wpforms-field-size-input-spacing: 10px;\n--wpforms-field-size-font-size: 14px;\n--wpforms-field-size-line-height: 17px;\n--wpforms-field-size-padding-h: 9px;\n--wpforms-field-size-checkbox-size: 14px;\n--wpforms-field-size-sublabel-spacing: 5px;\n--wpforms-field-size-icon-size: 0.75;\n--wpforms-label-size-font-size: 16px;\n--wpforms-label-size-line-height: 19px;\n--wpforms-label-size-sublabel-font-size: 14px;\n--wpforms-label-size-sublabel-line-height: 17px;\n--wpforms-button-size-font-size: 17px;\n--wpforms-button-size-height: 41px;\n--wpforms-button-size-padding-h: 15px;\n--wpforms-button-size-margin-top: 10px;\n\t\t\t}\n\t\t\t<\/style><div class=\"wpforms-container wpforms-container-full wpforms-block wpforms-block-ae0a4c8f-da3c-470f-876e-ed7f5db6804d wpforms-render-modern\" id=\"wpforms-26928\"><form id=\"wpforms-form-26928\" class=\"wpforms-validate wpforms-form wpforms-ajax-form\" data-formid=\"26928\" method=\"post\" enctype=\"multipart\/form-data\" action=\"\/en\/wp-json\/wp\/v2\/pages\/39\" data-token=\"cce7a134f1771217a71dc85b318a415e\" data-token-time=\"1777464335\"><noscript class=\"wpforms-error-noscript\">Please enable JavaScript in your browser to complete this form.<\/noscript><div id=\"wpforms-error-noscript\" style=\"display: none;\">Please enable JavaScript in your browser to complete this form.<\/div><div class=\"wpforms-field-container\"><div id=\"wpforms-26928-field_0-container\" class=\"wpforms-field wpforms-field-name wpforms-one-half wpforms-first\" data-field-id=\"0\"><label class=\"wpforms-field-label\" for=\"wpforms-26928-field_0\">Nome e Apelido <span class=\"wpforms-required-label\" aria-hidden=\"true\">*<\/span><\/label><input type=\"text\" id=\"wpforms-26928-field_0\" class=\"wpforms-field-large wpforms-field-required\" name=\"wpforms[fields][0]\" aria-errormessage=\"wpforms-26928-field_0-error\" required><\/div><div id=\"wpforms-26928-field_1-container\" class=\"wpforms-field wpforms-field-email wpforms-one-half\" data-field-id=\"1\"><label class=\"wpforms-field-label\" for=\"wpforms-26928-field_1\">Email <span class=\"wpforms-required-label\" aria-hidden=\"true\">*<\/span><\/label><input type=\"email\" id=\"wpforms-26928-field_1\" class=\"wpforms-field-large wpforms-field-required\" name=\"wpforms[fields][1]\" spellcheck=\"false\" aria-errormessage=\"wpforms-26928-field_1-error\" required><\/div><div id=\"wpforms-26928-field_3-container\" class=\"wpforms-field wpforms-field-text\" data-field-id=\"3\"><label class=\"wpforms-field-label\" for=\"wpforms-26928-field_3\">Assunto <span class=\"wpforms-required-label\" aria-hidden=\"true\">*<\/span><\/label><input type=\"text\" id=\"wpforms-26928-field_3\" class=\"wpforms-field-large wpforms-field-required\" name=\"wpforms[fields][3]\" aria-errormessage=\"wpforms-26928-field_3-error\" required><\/div><div id=\"wpforms-26928-field_2-container\" class=\"wpforms-field wpforms-field-textarea\" data-field-id=\"2\"><label class=\"wpforms-field-label\" for=\"wpforms-26928-field_2\">Mensagem <span class=\"wpforms-required-label\" aria-hidden=\"true\">*<\/span><\/label><textarea id=\"wpforms-26928-field_2\" class=\"wpforms-field-medium wpforms-field-required\" name=\"wpforms[fields][2]\" aria-errormessage=\"wpforms-26928-field_2-error\" required><\/textarea><\/div><\/div><!-- .wpforms-field-container --><div class=\"wpforms-recaptcha-container wpforms-is-recaptcha wpforms-is-recaptcha-type-v2\" ><div class=\"g-recaptcha\" data-sitekey=\"6LdrLnsoAAAAABEVkmI5z8NSKjIJUnuYxRHrrwgJ\"><\/div><input type=\"text\" name=\"g-recaptcha-hidden\" class=\"wpforms-recaptcha-hidden\" style=\"position:absolute!important;clip:rect(0,0,0,0)!important;height:1px!important;width:1px!important;border:0!important;overflow:hidden!important;padding:0!important;margin:0!important;\" data-rule-recaptcha=\"1\"><\/div><div class=\"wpforms-submit-container\" ><input type=\"hidden\" name=\"wpforms[id]\" value=\"26928\"><input type=\"hidden\" name=\"page_title\" value=\"\"><input type=\"hidden\" name=\"page_url\" value=\"https:\/\/fica-oc.pt\/en\/wp-json\/wp\/v2\/pages\/39\"><input type=\"hidden\" name=\"url_referer\" value=\"\"><button type=\"submit\" name=\"wpforms[submit]\" id=\"wpforms-submit-26928\" class=\"wpforms-submit\" data-alt-text=\"A enviar...\" data-submit-text=\"Submeter\" aria-live=\"assertive\" value=\"wpforms-submit\">Submeter<\/button><img loading=\"lazy\" decoding=\"async\" src=\"https:\/\/fica-oc.pt\/wp-content\/plugins\/wpforms-lite\/assets\/images\/submit-spin.svg\" class=\"wpforms-submit-spinner\" style=\"display: none;\" width=\"26\" height=\"26\" alt=\"Loading\"><\/div><\/form><\/div>  <!-- .wpforms-container --><\/div>\n<\/div>\n\n\n\n<div class=\"wp-block-columns alignfull is-layout-flex wp-container-core-columns-is-layout-1a9244c7 wp-block-columns-is-layout-flex\">\n<div class=\"wp-block-column is-layout-flow wp-block-column-is-layout-flow\">\n<hr class=\"wp-block-separator has-text-color has-alpha-channel-opacity has-background is-style-wide\" style=\"margin-top:0px;margin-bottom:0px;background-color:#e9e9e9;color:#e9e9e9\"\/>\n<\/div>\n<\/div>\n\n\n\n<div class=\"wp-block-columns alignfull has-custom-l-grey-fica-background-color has-background is-layout-flex wp-container-core-columns-is-layout-3d95dc9d wp-block-columns-is-layout-flex\">\n<div class=\"wp-block-column is-layout-constrained wp-container-core-column-is-layout-e30c92db wp-block-column-is-layout-constrained\" style=\"padding-top:var(--wp--preset--spacing--30);padding-right:var(--wp--preset--spacing--30);padding-bottom:var(--wp--preset--spacing--30);padding-left:var(--wp--preset--spacing--30);flex-basis:20%\">\n<h2 class=\"wp-block-heading has-primary-color has-text-color has-small-font-size\" style=\"padding-bottom:20px;font-style:normal;font-weight:700;text-transform:uppercase\">COMO chegar<\/h2>\n\n\n\n<p class=\"has-primary-color has-text-color has-link-color has-small-font-size wp-elements-281ead0ed085107f10ee1926cc8770c7 wp-block-paragraph\" style=\"font-style:normal;font-weight:500\">Direc\u00e7\u00f5es<br><a href=\"https:\/\/maps.app.goo.gl\/idGphx73ErPz2WEL8\" target=\"_blank\" rel=\"noreferrer noopener\">Google maps<\/a><\/p>\n<\/div>\n\n\n\n<div class=\"wp-block-column is-layout-flow wp-container-core-column-is-layout-fa0834e2 wp-block-column-is-layout-flow\" style=\"padding-top:var(--wp--preset--spacing--30);padding-right:var(--wp--preset--spacing--40);padding-bottom:var(--wp--preset--spacing--30);padding-left:var(--wp--preset--spacing--20);flex-basis:25%\">\n<h2 class=\"wp-block-heading has-primary-color has-text-color has-small-font-size\" style=\"padding-bottom:20px;font-style:normal;font-weight:700;text-transform:uppercase\">estacionamento<\/h2>\n\n\n\n<p class=\"has-primary-color has-text-color has-tiny-font-size wp-block-paragraph\">Tarifa Amarela EMEL<\/p>\n<\/div>\n\n\n\n<div class=\"wp-block-column is-vertically-aligned-bottom is-layout-flow wp-container-core-column-is-layout-54a2938f wp-block-column-is-layout-flow\" style=\"padding-top:var(--wp--preset--spacing--30);padding-right:var(--wp--preset--spacing--30);padding-bottom:var(--wp--preset--spacing--30);padding-left:var(--wp--preset--spacing--30);flex-basis:25%\">\n<h2 class=\"wp-block-heading has-primary-color has-text-color has-small-font-size\" style=\"padding-bottom:20px;font-style:normal;font-weight:700;text-transform:uppercase\">transportes p\u00fablicos<\/h2>\n\n\n\n<p class=\"has-primary-color has-text-color has-tiny-font-size wp-block-paragraph\" style=\"font-style:normal;font-weight:500\">Autocarros (a menos de 500m)<\/p>\n\n\n\n<p class=\"has-tiny-font-size wp-block-paragraph\">706, 712, 720, 723, 730, 732, 753, 774<\/p>\n\n\n\n<div style=\"height:45px\" aria-hidden=\"true\" class=\"wp-block-spacer\"><\/div>\n<\/div>\n\n\n\n<div class=\"wp-block-column is-vertically-aligned-bottom is-layout-flow wp-container-core-column-is-layout-54a2938f wp-block-column-is-layout-flow\" style=\"padding-top:var(--wp--preset--spacing--30);padding-right:var(--wp--preset--spacing--30);padding-bottom:var(--wp--preset--spacing--30);padding-left:var(--wp--preset--spacing--30);flex-basis:30%\">\n<p class=\"has-primary-color has-text-color has-tiny-font-size wp-block-paragraph\" style=\"padding-top:0px;font-style:normal;font-weight:500\">Metro (a p\u00e9)<\/p>\n\n\n\n<p class=\"has-tiny-font-size wp-block-paragraph\">Marqu\u00eas Pombal &#8211; 8 min<br>Picoas &#8211; 8 min<\/p>\n\n\n\n<div style=\"height:45px\" aria-hidden=\"true\" class=\"wp-block-spacer\"><\/div>\n<\/div>\n<\/div>\n<\/div>\n\n\n\n<div style=\"height:40px\" aria-hidden=\"true\" class=\"wp-block-spacer\"><\/div>\n","protected":false},"excerpt":{"rendered":"<p>oficinae loja rua BERNARDO LIMA 10c1150-076 lisboaportugal hor\u00e1rio Ter\u00e7a a Quinta \u2022 14h\u201418hS\u00c1BADO \u2022 10h\u201413h\/14h\u201418h exceto feriados e dias a indicar contactos +351 913 190 670 Chamada para rede m\u00f3vel nacional e-mail HELLO@FICA-OC.PT agendamentode fornadas fornadas@fica-oc.pt N\u00e3o aceitamos mais pedidos de cozedura at\u00e9 ao final do ano gin\u00e1siode of\u00edcios ginasio@FICA-OC.PT O gin\u00e1sio de of\u00edcios \u00e9<\/p>","protected":false},"author":1,"featured_media":0,"parent":0,"menu_order":0,"comment_status":"closed","ping_status":"closed","template":"","meta":{"_crdt_document":"","footnotes":""},"class_list":["post-39","page","type-page","status-publish","hentry"],"_links":{"self":[{"href":"https:\/\/fica-oc.pt\/en\/wp-json\/wp\/v2\/pages\/39","targetHints":{"allow":["GET"]}}],"collection":[{"href":"https:\/\/fica-oc.pt\/en\/wp-json\/wp\/v2\/pages"}],"about":[{"href":"https:\/\/fica-oc.pt\/en\/wp-json\/wp\/v2\/types\/page"}],"author":[{"embeddable":true,"href":"https:\/\/fica-oc.pt\/en\/wp-json\/wp\/v2\/users\/1"}],"replies":[{"embeddable":true,"href":"https:\/\/fica-oc.pt\/en\/wp-json\/wp\/v2\/comments?post=39"}],"version-history":[{"count":9,"href":"https:\/\/fica-oc.pt\/en\/wp-json\/wp\/v2\/pages\/39\/revisions"}],"predecessor-version":[{"id":43206,"href":"https:\/\/fica-oc.pt\/en\/wp-json\/wp\/v2\/pages\/39\/revisions\/43206"}],"wp:attachment":[{"href":"https:\/\/fica-oc.pt\/en\/wp-json\/wp\/v2\/media?parent=39"}],"curies":[{"name":"wp","href":"https:\/\/api.w.org\/{rel}","templated":true}]}}