{"id":6859,"date":"2019-12-13T14:36:15","date_gmt":"2019-12-13T14:36:15","guid":{"rendered":"https:\/\/fica-oc.pt\/?page_id=6859"},"modified":"2023-08-02T12:12:19","modified_gmt":"2023-08-02T12:12:19","slug":"privacy-policy-2","status":"publish","type":"page","link":"https:\/\/fica-oc.pt\/en\/politica-de-privacidade\/","title":{"rendered":"Privacy Policy"},"content":{"rendered":"<div style=\"height:100px\" aria-hidden=\"true\" class=\"wp-block-spacer\"><\/div>\n\n\n\n<p class=\"wp-block-paragraph\"><strong>OUR DATA PRIVACY POLICY<\/strong><\/p>\n\n\n\n<p class=\"wp-block-paragraph\">Fica Oficina Criativa, Unipessoal Lda (hereinafter \"Fica\"), with VAT number 514096624, registered office at Rua de Arroios 154B, 1150-056 Lisboa, is the legitimate owner of the Fica trademark.<\/p>\n\n\n\n<p class=\"wp-block-paragraph\">Fica respects users' right to protection of their\npersonal data. Fica is responsible for collecting and processing personal data.\npersonal data and ensures that personal data is processed in Portugal in a correct and lawful manner\nlawful manner, in accordance with European and national legislation.\nnational legislation.&nbsp;&nbsp;<\/p>\n\n\n\n<p class=\"wp-block-paragraph\">This website has been designed so that the collection and use of your\nyour personal data is strictly necessary and does not exceed the original purpose for which it was collected\nand\/or processed.<\/p>\n\n\n\n<p class=\"wp-block-paragraph\"><strong>PROCESSING OF PERSONAL DATA<\/strong><\/p>\n\n\n\n<p class=\"wp-block-paragraph\">Your personal data collected and processed on this site by\nFica will under no circumstances be made available, shared or sold to third parties.\nthird parties and are only used for purposes strictly related to the use of this site,\nits services, the purchase of products, registration for training courses and the processing of customer requests.\ncustomer requests. The data collected will always be that which is strictly\nnecessary to process the user's request, such as shipping or billing addresses, and will be processed\nand will be treated confidentially, respecting your personal rights.\npersonal rights.<\/p>\n\n\n\n<p class=\"wp-block-paragraph\">Data may be collected in certain actions,\nin particular:<\/p>\n\n\n\n<p class=\"wp-block-paragraph\">- In the forms on the site, such as the newsletter subscription;<br>- When registering for training;<br>- When purchasing a product.<\/p>\n\n\n\n<p class=\"wp-block-paragraph\">The data will be collected for the following\npurposes:<\/p>\n\n\n\n<p class=\"wp-block-paragraph\">- Managing orders and registrations on the site;<br>- Electronic payment services, through debit cards and others;<br>- Processing of purchased products;<br>- Resolving issues relating to registrations and orders;<br>- Processing returns or refunds;<br>- When the user subscribes to the Fica.<\/p>\n\n\n\n<p class=\"wp-block-paragraph\">The data will be communicated to third parties, however\nonly share information that is strictly necessary for this purpose, when\nnecessary:<\/p>\n\n\n\n<p class=\"wp-block-paragraph\">- For the development of the services you request from us;<br>- Processing an order;<br>- For accident insurance purposes.<\/p>\n\n\n\n<p class=\"wp-block-paragraph\">Certain data may be communicated to public authorities,\nin particular to:<\/p>\n\n\n\n<p class=\"wp-block-paragraph\">- Comply with applicable laws;<br>- Responding to judicial and government inquiries;<br>- Comply with legal processes;<br>- Protect Fica's rights or property.<\/p>\n\n\n\n<p class=\"wp-block-paragraph\">All the data we collect is the exclusive property of\nFica, however we may use software for registration or invoicing, but it\nare in compliance with the law and no one has any\nownership of the data or the right to use it.<\/p>\n\n\n\n<p class=\"wp-block-paragraph\">All data provided through the e-mails that\nwe make available on the site, for consultations, requests for information, requests for\nsending CVs, are sent on the initiative of the user or\ncustomer. They understand and authorize their data to be used by\nFica to carry out what they have requested. This data will\nonly used to respond to the request made, will be stored for an indefinite period of time or\nindefinitely or deleted immediately if they are not relevant, and will never be used for marketing purposes.\nused for marketing purposes.<\/p>\n\n\n\n<p class=\"wp-block-paragraph\">The personal data collected and processed by Fica will be\nkept for as long as is necessary to fulfill the purposes for which\nfor which we collected them, unless otherwise required by law.&nbsp;<\/p>\n\n\n\n<p class=\"wp-block-paragraph\">At any time, the user can request access,\nalteration, opposition or deletion of their data, provided that they fall within the\nthe legal and regulatory limits established for this purpose. To do so, you must\ninform Fica of this fact, and for this purpose may use the following\ne-mail address: hello@fica-oc.pt<\/p>\n\n\n\n<p class=\"wp-block-paragraph\">You also have the right to lodge a complaint with the\nsupervisory authority:<\/p>\n\n\n\n<p class=\"wp-block-paragraph\">National Data Protection Commission.<\/p>\n\n\n\n<p class=\"wp-block-paragraph\">Registered office: Rua de S\u00e3o Bento, 148, 3\u00ba andar, 1200-821 Lisboa<\/p>\n\n\n\n<p class=\"wp-block-paragraph\">Phone: +351 213928400<\/p>\n\n\n\n<p class=\"wp-block-paragraph\">Fax: +351 213976832<\/p>\n\n\n\n<p class=\"wp-block-paragraph\">E-mail:&nbsp;<a href=\"mailto:geral@cnpd.pt\">geral@cnpd.pt<\/a><\/p>\n\n\n\n<p class=\"wp-block-paragraph\"><strong>COOKIES<\/strong><\/p>\n\n\n\n<p class=\"wp-block-paragraph\">Fica uses \"cookies\" to collect and store\ninformation in order to provide a more personalized service. A\n\"cookie\" is a small information file that is placed on your computer and which\nremember your previous choices, dates and routes on the website. O\nuser can configure their computer to reject the installation of a cookie.\ncookie\". Fica has access to the information\ncollected by cookies, collectively and anonymously, in order to optimize its services and those of this site for\nits services and those of this website to the user's needs and preferences\nand to customize the preparation of web pages.<\/p>\n\n\n\n<p class=\"wp-block-paragraph\">Acceptance of our automatic data collection procedures\nprocedures and the use of cookies is necessary to take advantage of the many\nfeatures and services offered through this site, including the purchase of\nproducts. If you set your browser to block or delete cookies, we cannot\nwe can guarantee that you will have access to all the features and services offered\nthrough this site (for example, your computer may not be able to display the\nimage of the product you are trying to purchase).<\/p>\n\n\n\n<p class=\"wp-block-paragraph\">We also use third-party analytics services, such as Google\nAnalytics, which may use cookies to help us analyze how you use the site.\nuser uses the site. If you wish to deactivate Google Analytics follow the link <a href=\"https:\/\/tools.google.com\/dlpage\/gaoptout?hl=pt-PT\" target=\"_blank\" rel=\"noopener\">https:\/\/tools.google.com\/dlpage\/gaoptout?hl=pt-PT<\/a><\/p>\n\n\n\n<p class=\"wp-block-paragraph\"><strong>APPLICABLE LEGISLATION<\/strong><\/p>\n\n\n\n<p class=\"wp-block-paragraph\">The processing of personal data by Fica will be carried out in\nEuropean and national legislation in force. Contracts for\npurchase and sale of products through this site are governed by Portuguese law.\nPortuguese law.<\/p>\n\n\n\n<p class=\"wp-block-paragraph\"><strong>MODIFICATIONS AND UPDATES<\/strong><\/p>\n\n\n\n<p class=\"wp-block-paragraph\">Fica may at any time amend or update,\nthe privacy policy, without prior notice to the User.\nUser. Fica may also make improvements or changes to the\nproducts, services or programs described on this site at any time, without\nnotice.<\/p>\n\n\n\n<p class=\"wp-block-paragraph\">All changes and updates will come into effect after\npublication on this page of the website. You should regularly access this page of the\nin order to view the updated version of our Privacy Policy.<\/p>\n\n\n\n<p class=\"wp-block-paragraph\"><strong>INTELLECTUAL PROPERTY RIGHTS<\/strong><\/p>\n\n\n\n<p class=\"wp-block-paragraph\">All content on this site (illustrations, texts,\ntitles, brands, images, videos) are the exclusive property of Fica or its\npartners. Partial or total reproduction of the content through any\nprocedure and on any medium is subject to the prior and express authorization of Fica.\nauthorization from Fica. <\/p>\n\n\n\n<p class=\"wp-block-paragraph\">They are therefore protected by the Copyright Code\nand Related Rights. Fica reserves the right to make changes to these contents at any time,\nmake changes to these contents, and is under no obligation to make any\nprior notice to users.<\/p>\n\n\n\n<p class=\"wp-block-paragraph\"><strong>THIRD-PARTY CONTENT<\/strong><\/p>\n\n\n\n<p class=\"wp-block-paragraph\">This website may contain links to third-party websites\n(\"linked sites\"). The linked sites are not under the control of\nFica and Fica is not responsible for the content of any Linked Site.<\/p>\n\n\n\n<div style=\"height:100px\" aria-hidden=\"true\" class=\"wp-block-spacer\"><\/div>","protected":false},"excerpt":{"rendered":"<p>A NOSSA POL\u00cdTICA DE PRIVACIDADE DE DADOS A Fica Oficina Criativa, Unipessoal Lda (doravante designado \u201cFica\u201d), com NIF 514096624, sede na Rua de Arroios 154B, 1150-056 Lisboa, legitima propriet\u00e1ria da marca registada Fica. A Fica respeita o direito dos utilizadores \u00e0 prote\u00e7\u00e3o dos seus dados pessoais. A Fica \u00e9 a respons\u00e1vel pela recolha e tratamento<\/p>","protected":false},"author":1,"featured_media":0,"parent":0,"menu_order":0,"comment_status":"closed","ping_status":"closed","template":"","meta":{"_crdt_document":"","footnotes":""},"class_list":["post-6859","page","type-page","status-publish","hentry"],"_links":{"self":[{"href":"https:\/\/fica-oc.pt\/en\/wp-json\/wp\/v2\/pages\/6859","targetHints":{"allow":["GET"]}}],"collection":[{"href":"https:\/\/fica-oc.pt\/en\/wp-json\/wp\/v2\/pages"}],"about":[{"href":"https:\/\/fica-oc.pt\/en\/wp-json\/wp\/v2\/types\/page"}],"author":[{"embeddable":true,"href":"https:\/\/fica-oc.pt\/en\/wp-json\/wp\/v2\/users\/1"}],"replies":[{"embeddable":true,"href":"https:\/\/fica-oc.pt\/en\/wp-json\/wp\/v2\/comments?post=6859"}],"version-history":[{"count":3,"href":"https:\/\/fica-oc.pt\/en\/wp-json\/wp\/v2\/pages\/6859\/revisions"}],"predecessor-version":[{"id":25458,"href":"https:\/\/fica-oc.pt\/en\/wp-json\/wp\/v2\/pages\/6859\/revisions\/25458"}],"wp:attachment":[{"href":"https:\/\/fica-oc.pt\/en\/wp-json\/wp\/v2\/media?parent=6859"}],"curies":[{"name":"wp","href":"https:\/\/api.w.org\/{rel}","templated":true}]}}