{"id":8978,"date":"2020-04-04T16:15:57","date_gmt":"2020-04-04T16:15:57","guid":{"rendered":"https:\/\/fica-oc.pt\/?post_type=product&#038;p=8978"},"modified":"2026-02-02T10:22:49","modified_gmt":"2026-02-02T10:22:49","slug":"racletes","status":"publish","type":"product","link":"https:\/\/fica-oc.pt\/en\/loja\/serigrafia\/racletes\/","title":{"rendered":"Racletes"},"content":{"rendered":"<p>Racletes \u00e9 como chamamos aos rodos na aqui na Oficina. As racletes s\u00e3o uma ferramenta indispens\u00e1vel em serigrafia. As nossas s\u00e3o de madeira de pinho, tamanho vari\u00e1vel*, com um perfil ergon\u00f3mico e confort\u00e1vel e a borracha \u00e9 fixa atrav\u00e9s de agrafos \u00e0 press\u00e3o.<\/p>\n<p>A escolha da dureza das borrachas diz respeito ao tipo de projecto que ir\u00e1s fazer, j\u00e1 que a raclete influ\u00eancia a quantidade de tinta que passa da tela para a superf\u00edcie de impress\u00e3o. Borrachas macias (70sh) permitem mais dep\u00f3sito de tinta e por isso s\u00e3o mais adequadas para impress\u00e3o t\u00eaxtil, borrachas duras (80sh) s\u00e3o melhores para obra gr\u00e1fica de muito detalhe.<\/p>\n<p>Se est\u00e1s a come\u00e7ar e procuras algo vers\u00e1til escolhe a de dureza macia (70sh).<\/p>\n<p>\u00c9 poss\u00edvel ter mais tamanhos, faz-nos o teu pedido personalizado.<\/p>\n<p>*as dimens\u00f5es indicadas s\u00e3o aproximadas, podem variar 1-5mm do valor indicado.<\/p>\n<p>Adicionalmente, temos servi\u00e7os de impress\u00e3o de fotolitos, exposi\u00e7\u00e3o da telas, mas tamb\u00e9m recuperamos e substitu\u00edmos o tecido das tuas telas que j\u00e1 n\u00e3o estejam em boas condi\u00e7\u00f5es. V\u00ea <a href=\"https:\/\/fica-oc.pt\/servicos-serigrafia\/\" target=\"_blank\" rel=\"noopener noreferrer\">aqui<\/a> todos os servi\u00e7os de serigrafia que temos.<\/p>\n<hr \/>\n<p class=\"p1\">A fim de ficares a conhecer todo o material de serigrafia que temos dispon\u00edvel, consulta toda a gama <a href=\"https:\/\/fica-oc.pt\/categoria-produto\/serigrafia\/\" target=\"_blank\" rel=\"noopener noreferrer\">aqui<\/a>. Se tiveres alguma d\u00favida ou quest\u00e3o, envia-nos um email para loja@fica-oc.pt.<\/p>\n<p>[accordion] [accordions title=&#8221;Tamanho de raclete segundo o tamanho da tela&#8221; state=&#8221;closed&#8221;] <img loading=\"lazy\" decoding=\"async\" class=\"alignnone size-full wp-image-9860\" src=\"https:\/\/fica-oc.pt\/wp-content\/uploads\/2020\/04\/Tamanho-Telas-fica.jpg\" alt=\"\" width=\"1458\" height=\"427\" srcset=\"https:\/\/fica-oc.pt\/wp-content\/uploads\/2020\/04\/Tamanho-Telas-fica.jpg 1458w, https:\/\/fica-oc.pt\/wp-content\/uploads\/2020\/04\/Tamanho-Telas-fica-1200x351.jpg 1200w, https:\/\/fica-oc.pt\/wp-content\/uploads\/2020\/04\/Tamanho-Telas-fica-300x88.jpg 300w, https:\/\/fica-oc.pt\/wp-content\/uploads\/2020\/04\/Tamanho-Telas-fica-1024x300.jpg 1024w, https:\/\/fica-oc.pt\/wp-content\/uploads\/2020\/04\/Tamanho-Telas-fica-768x225.jpg 768w, https:\/\/fica-oc.pt\/wp-content\/uploads\/2020\/04\/Tamanho-Telas-fica-690x202.jpg 690w, https:\/\/fica-oc.pt\/wp-content\/uploads\/2020\/04\/Tamanho-Telas-fica-1317x386.jpg 1317w, https:\/\/fica-oc.pt\/wp-content\/uploads\/2020\/04\/Tamanho-Telas-fica-800x234.jpg 800w, https:\/\/fica-oc.pt\/wp-content\/uploads\/2020\/04\/Tamanho-Telas-fica-1400x410.jpg 1400w\" sizes=\"auto, (max-width: 1458px) 100vw, 1458px\" \/> [\/accordions] [\/accordion]<\/p>\n","protected":false},"excerpt":{"rendered":"<p>We have several sizes and 2 types of rubber available.<br \/>\nChoose the option that best suits your project.<\/p>","protected":false},"featured_media":8979,"template":"","meta":{"_crdt_document":""},"product_brand":[],"product_cat":[200],"product_tag":[224],"class_list":{"0":"post-8978","1":"product","2":"type-product","3":"status-publish","4":"has-post-thumbnail","6":"product_cat-serigrafia","7":"product_tag-racletes","8":"product_shipping_class-600-5000gr","10":"first","11":"outofstock","12":"shipping-taxable","13":"purchasable","14":"product-type-variable"},"_links":{"self":[{"href":"https:\/\/fica-oc.pt\/en\/wp-json\/wp\/v2\/product\/8978","targetHints":{"allow":["GET"]}}],"collection":[{"href":"https:\/\/fica-oc.pt\/en\/wp-json\/wp\/v2\/product"}],"about":[{"href":"https:\/\/fica-oc.pt\/en\/wp-json\/wp\/v2\/types\/product"}],"wp:featuredmedia":[{"embeddable":true,"href":"https:\/\/fica-oc.pt\/en\/wp-json\/wp\/v2\/media\/8979"}],"wp:attachment":[{"href":"https:\/\/fica-oc.pt\/en\/wp-json\/wp\/v2\/media?parent=8978"}],"wp:term":[{"taxonomy":"product_brand","embeddable":true,"href":"https:\/\/fica-oc.pt\/en\/wp-json\/wp\/v2\/product_brand?post=8978"},{"taxonomy":"product_cat","embeddable":true,"href":"https:\/\/fica-oc.pt\/en\/wp-json\/wp\/v2\/product_cat?post=8978"},{"taxonomy":"product_tag","embeddable":true,"href":"https:\/\/fica-oc.pt\/en\/wp-json\/wp\/v2\/product_tag?post=8978"}],"curies":[{"name":"wp","href":"https:\/\/api.w.org\/{rel}","templated":true}]}}